{"id":1697,"date":"2020-07-14T09:55:08","date_gmt":"2020-07-14T09:55:08","guid":{"rendered":"http:\/\/blueflaguruguay.org\/index.php\/about-us\/"},"modified":"2021-11-02T15:28:59","modified_gmt":"2021-11-02T15:28:59","slug":"about-us","status":"publish","type":"page","link":"https:\/\/blueflaguruguay.org\/index.php\/about-us\/","title":{"rendered":"Programa"},"content":{"rendered":"\t\t<div data-elementor-type=\"wp-page\" data-elementor-id=\"1697\" class=\"elementor elementor-1697\" data-elementor-settings=\"[]\">\n\t\t\t\t\t\t<div class=\"elementor-inner\">\n\t\t\t\t\t\t\t<div class=\"elementor-section-wrap\">\n\t\t\t\t\t\t\t<section class=\"elementor-section elementor-top-section elementor-element elementor-element-7654b20 elementor-section-height-min-height elementor-section-content-bottom elementor-section-items-bottom elementor-section-boxed elementor-section-height-default\" data-id=\"7654b20\" data-element_type=\"section\" data-settings=\"{&quot;background_background&quot;:&quot;classic&quot;}\">\n\t\t\t\t\t\t\t<div class=\"elementor-background-overlay\"><\/div>\n\t\t\t\t\t\t\t<div class=\"elementor-container elementor-column-gap-no\">\n\t\t\t\t\t\t\t<div class=\"elementor-row\">\n\t\t\t\t\t<div class=\"elementor-column elementor-col-100 elementor-top-column elementor-element elementor-element-84ecc6e\" data-id=\"84ecc6e\" data-element_type=\"column\">\n\t\t\t<div class=\"elementor-column-wrap elementor-element-populated\">\n\t\t\t\t\t\t\t<div class=\"elementor-widget-wrap\">\n\t\t\t\t\t\t<div class=\"elementor-element elementor-element-6b189d5 elementor-widget elementor-widget-heading\" data-id=\"6b189d5\" data-element_type=\"widget\" data-widget_type=\"heading.default\">\n\t\t\t\t<div class=\"elementor-widget-container\">\n\t\t\t<h1 class=\"elementor-heading-title elementor-size-default\">Programa<\/h1>\t\t<\/div>\n\t\t\t\t<\/div>\n\t\t\t\t\t\t<\/div>\n\t\t\t\t\t<\/div>\n\t\t<\/div>\n\t\t\t\t\t\t\t\t<\/div>\n\t\t\t\t\t<\/div>\n\t\t<\/section>\n\t\t\t\t<section class=\"elementor-section elementor-top-section elementor-element elementor-element-37c6f20b elementor-section-content-middle elementor-section-boxed elementor-section-height-default elementor-section-height-default\" data-id=\"37c6f20b\" data-element_type=\"section\">\n\t\t\t\t\t\t<div class=\"elementor-container elementor-column-gap-custom\">\n\t\t\t\t\t\t\t<div class=\"elementor-row\">\n\t\t\t\t\t<div class=\"elementor-column elementor-col-33 elementor-top-column elementor-element elementor-element-295912a0\" data-id=\"295912a0\" data-element_type=\"column\">\n\t\t\t<div class=\"elementor-column-wrap elementor-element-populated\">\n\t\t\t\t\t\t\t<div class=\"elementor-widget-wrap\">\n\t\t\t\t\t\t<div class=\"elementor-element elementor-element-5bbd4f17 elementor-widget elementor-widget-image\" data-id=\"5bbd4f17\" data-element_type=\"widget\" data-widget_type=\"image.default\">\n\t\t\t\t<div class=\"elementor-widget-container\">\n\t\t\t\t\t\t\t\t<div class=\"elementor-image\">\n\t\t\t\t\t\t\t\t\t\t\t\t<img width=\"229\" height=\"220\" src=\"https:\/\/blueflaguruguay.org\/wp-content\/uploads\/2021\/10\/bFLAG-1.png\" class=\"attachment-2048x2048 size-2048x2048\" alt=\"\" loading=\"lazy\" \/>\t\t\t\t\t\t\t\t\t\t\t\t\t\t<\/div>\n\t\t\t\t\t\t<\/div>\n\t\t\t\t<\/div>\n\t\t\t\t\t\t<\/div>\n\t\t\t\t\t<\/div>\n\t\t<\/div>\n\t\t\t\t<div class=\"elementor-column elementor-col-66 elementor-top-column elementor-element elementor-element-32402db7\" data-id=\"32402db7\" data-element_type=\"column\">\n\t\t\t<div class=\"elementor-column-wrap elementor-element-populated\">\n\t\t\t\t\t\t\t<div class=\"elementor-widget-wrap\">\n\t\t\t\t\t\t<div class=\"elementor-element elementor-element-4ccdba2 elementor-widget elementor-widget-text-editor\" data-id=\"4ccdba2\" data-element_type=\"widget\" data-widget_type=\"text-editor.default\">\n\t\t\t\t<div class=\"elementor-widget-container\">\n\t\t\t\t\t\t\t\t<div class=\"elementor-text-editor elementor-clearfix\">\n\t\t\t\t\t<p class=\"font_5\"><span class=\"color_14\">El programa Bandera Azul, es una etiqueta ecol\u00f3gica de renombre mundial en la que conf\u00edan millones de personas en todo el mundo, funciona bajo los auspicios de la Fundaci\u00f3n para la Educaci\u00f3n Ambiental (FEE) y tiene su sede en Copenhague (Dinamarca). Para poder optar a este prestigioso premio, se debe cumplir y mantener una serie de criterios rigurosos en materia de medio ambiente, educaci\u00f3n, seguridad y acceso. A trav\u00e9s de una estrecha colaboraci\u00f3n con nuestros miembros.\u00a0<\/span><\/p>\t\t\t\t\t<\/div>\n\t\t\t\t\t\t<\/div>\n\t\t\t\t<\/div>\n\t\t\t\t\t\t<\/div>\n\t\t\t\t\t<\/div>\n\t\t<\/div>\n\t\t\t\t\t\t\t\t<\/div>\n\t\t\t\t\t<\/div>\n\t\t<\/section>\n\t\t\t\t<section class=\"elementor-section elementor-top-section elementor-element elementor-element-a9b8f67 elementor-section-boxed elementor-section-height-default elementor-section-height-default\" data-id=\"a9b8f67\" data-element_type=\"section\">\n\t\t\t\t\t\t<div class=\"elementor-container elementor-column-gap-default\">\n\t\t\t\t\t\t\t<div class=\"elementor-row\">\n\t\t\t\t\t<div class=\"elementor-column elementor-col-100 elementor-top-column elementor-element elementor-element-76ccbf0\" data-id=\"76ccbf0\" data-element_type=\"column\">\n\t\t\t<div class=\"elementor-column-wrap elementor-element-populated\">\n\t\t\t\t\t\t\t<div class=\"elementor-widget-wrap\">\n\t\t\t\t\t\t<div class=\"elementor-element elementor-element-88f13ea elementor-widget elementor-widget-text-editor\" data-id=\"88f13ea\" data-element_type=\"widget\" data-widget_type=\"text-editor.default\">\n\t\t\t\t<div class=\"elementor-widget-container\">\n\t\t\t\t\t\t\t\t<div class=\"elementor-text-editor elementor-clearfix\">\n\t\t\t\t\t<p class=\"font_8\"><strong>Los ejes de acci\u00f3n del programa son :<\/strong><\/p><p class=\"font_8\"><strong><span class=\"color_14\">Educaci\u00f3n<\/span><\/strong><\/p><p class=\"font_8\"><span class=\"color_14\">Un aspecto central de los ideales del programa Bandera Azul es el objetivo de conectar al p\u00fablico con su entorno y animarle a aprender m\u00e1s sobre su medio ambiente.\u00a0<\/span><\/p><p class=\"font_8\"><strong><span class=\"color_14\">Informaci\u00f3n<\/span><\/strong><\/p><p class=\"font_8\"><span class=\"color_14\">Informar a los visitantes sobre el sitio que est\u00e1n visitando es una parte esencial del programa Bandera Azul. Esto permite a la gente navegar f\u00e1cilmente por la zona y aprender un poco m\u00e1s sobre la flora y la fauna aut\u00f3ctonas.\u00a0<\/span><\/p><p class=\"font_8\"><strong><span class=\"color_14\">Vigilancia<\/span><\/strong><\/p><p class=\"font_8\"><span class=\"color_14\">Los criterios estrictos y los controles peri\u00f3dicos al azar ayudan a fomentar el cumplimiento de los sitios con bandera azul, que tambi\u00e9n est\u00e1n sujetos a auditor\u00edas exhaustivas.\u00a0<\/span><\/p><p class=\"font_8\"><span class=\"color_14\"><strong>Administraci\u00f3n<\/strong><br \/>Se seleccionan las organizaciones locales apropiadas para aplicar y hacer cumplir los criterios necesarios con el fin de garantizar la coherencia de las normas que hacen que la concesi\u00f3n de la Bandera Azul sea tan fiable y valiosa.\u00a0<\/span><\/p><p class=\"font_8\"><strong><span class=\"color_14\">Seguridad<\/span><\/strong><\/p><p class=\"font_8\"><span class=\"color_14\">Los propietarios\/operadores de los emplazamientos con Bandera Azul deben acordar garantizar que las medidas de seguridad se apliquen en todo momento, de modo que el personal, el p\u00fablico y el medio ambiente permanezcan seguros.\u00a0<\/span><\/p><p class=\"font_8\"><strong><span class=\"color_14\">Nota importante<\/span><\/strong><\/p><p class=\"font_8\"><span class=\"color_14\">Cuando se concede a los propietarios\/operadores de playas, puertos deportivos y embarcaciones el derecho a exhibir la Bandera Azul, es porque han satisfecho la FEE que cumplieron en el momento de la concesi\u00f3n con una serie de estrictos criterios ambientales, educativos, de seguridad y de accesibilidad. Tras la concesi\u00f3n, los propietarios\/operadores aceptan la plena responsabilidad de garantizar el cumplimiento continuo de todos esos criterios. Si bien la FEE puede realizar comprobaciones de los sitios de vez en cuando, ni la FEE ni ninguno de sus funcionarios, miembros o miembros del jurado aceptan ninguna responsabilidad ante ninguna persona en caso de incumplimiento.<\/span><\/p>\t\t\t\t\t<\/div>\n\t\t\t\t\t\t<\/div>\n\t\t\t\t<\/div>\n\t\t\t\t\t\t<\/div>\n\t\t\t\t\t<\/div>\n\t\t<\/div>\n\t\t\t\t\t\t\t\t<\/div>\n\t\t\t\t\t<\/div>\n\t\t<\/section>\n\t\t\t\t<section class=\"elementor-section elementor-top-section elementor-element elementor-element-8302389 elementor-section-boxed elementor-section-height-default elementor-section-height-default\" data-id=\"8302389\" data-element_type=\"section\" data-settings=\"{&quot;background_background&quot;:&quot;classic&quot;}\">\n\t\t\t\t\t\t<div class=\"elementor-container elementor-column-gap-no\">\n\t\t\t\t\t\t\t<div class=\"elementor-row\">\n\t\t\t\t\t<div class=\"elementor-column elementor-col-100 elementor-top-column elementor-element elementor-element-94a5ef6\" data-id=\"94a5ef6\" data-element_type=\"column\">\n\t\t\t<div class=\"elementor-column-wrap elementor-element-populated\">\n\t\t\t\t\t\t\t<div class=\"elementor-widget-wrap\">\n\t\t\t\t\t\t<div class=\"elementor-element elementor-element-322c7a4 elementor-widget elementor-widget-heading\" data-id=\"322c7a4\" data-element_type=\"widget\" data-widget_type=\"heading.default\">\n\t\t\t\t<div class=\"elementor-widget-container\">\n\t\t\t<h6 class=\"elementor-heading-title elementor-size-default\">Nuestros patrocinadores<\/h6>\t\t<\/div>\n\t\t\t\t<\/div>\n\t\t\t\t<div class=\"elementor-element elementor-element-09c3e55 elementor-widget elementor-widget-image-carousel\" data-id=\"09c3e55\" data-element_type=\"widget\" data-settings=\"{&quot;slides_to_show&quot;:&quot;5&quot;,&quot;slides_to_scroll&quot;:&quot;1&quot;,&quot;navigation&quot;:&quot;none&quot;,&quot;image_spacing_custom&quot;:{&quot;unit&quot;:&quot;px&quot;,&quot;size&quot;:2,&quot;sizes&quot;:[]},&quot;slides_to_show_tablet&quot;:&quot;3&quot;,&quot;slides_to_show_mobile&quot;:&quot;2&quot;,&quot;autoplay&quot;:&quot;yes&quot;,&quot;pause_on_hover&quot;:&quot;yes&quot;,&quot;pause_on_interaction&quot;:&quot;yes&quot;,&quot;autoplay_speed&quot;:5000,&quot;infinite&quot;:&quot;yes&quot;,&quot;speed&quot;:500}\" data-widget_type=\"image-carousel.default\">\n\t\t\t\t<div class=\"elementor-widget-container\">\n\t\t\t\t\t<div class=\"elementor-image-carousel-wrapper swiper-container\" dir=\"ltr\">\n\t\t\t<div class=\"elementor-image-carousel swiper-wrapper\">\n\t\t\t\t<div class=\"swiper-slide\"><a data-elementor-open-lightbox=\"yes\" data-elementor-lightbox-slideshow=\"09c3e55\" data-elementor-lightbox-title=\"UNEnvironment_Logo_English_Short_colour\" href=\"#\"><figure class=\"swiper-slide-inner\"><img class=\"swiper-slide-image\" src=\"https:\/\/blueflaguruguay.org\/wp-content\/uploads\/2021\/05\/UNEnvironment_Logo_English_Short_colour-150x150.jpeg\" alt=\"UNEnvironment_Logo_English_Short_colour\" \/><\/figure><\/a><\/div><div class=\"swiper-slide\"><a data-elementor-open-lightbox=\"yes\" data-elementor-lightbox-slideshow=\"09c3e55\" data-elementor-lightbox-title=\"image-asset\" href=\"#\"><figure class=\"swiper-slide-inner\"><img class=\"swiper-slide-image\" src=\"https:\/\/blueflaguruguay.org\/wp-content\/uploads\/2021\/05\/image-asset-150x150.png\" alt=\"image-asset\" \/><\/figure><\/a><\/div><div class=\"swiper-slide\"><a data-elementor-open-lightbox=\"yes\" data-elementor-lightbox-slideshow=\"09c3e55\" data-elementor-lightbox-title=\"image-asset\" href=\"#\"><figure class=\"swiper-slide-inner\"><img class=\"swiper-slide-image\" src=\"https:\/\/blueflaguruguay.org\/wp-content\/uploads\/2021\/10\/image-asset-1.jpeg\" alt=\"image-asset\" \/><\/figure><\/a><\/div><div class=\"swiper-slide\"><a data-elementor-open-lightbox=\"yes\" data-elementor-lightbox-slideshow=\"09c3e55\" data-elementor-lightbox-title=\"eucclogo\" href=\"#\"><figure class=\"swiper-slide-inner\"><img class=\"swiper-slide-image\" src=\"https:\/\/blueflaguruguay.org\/wp-content\/uploads\/2021\/10\/eucclogo-1.gif\" alt=\"eucclogo\" \/><\/figure><\/a><\/div><div class=\"swiper-slide\"><a data-elementor-open-lightbox=\"yes\" data-elementor-lightbox-slideshow=\"09c3e55\" data-elementor-lightbox-title=\"eea\" href=\"#\"><figure class=\"swiper-slide-inner\"><img class=\"swiper-slide-image\" src=\"https:\/\/blueflaguruguay.org\/wp-content\/uploads\/2021\/10\/eea-1-150x150.png\" alt=\"eea\" \/><\/figure><\/a><\/div><div class=\"swiper-slide\"><a data-elementor-open-lightbox=\"yes\" data-elementor-lightbox-slideshow=\"09c3e55\" data-elementor-lightbox-title=\"IUCN\" href=\"#\"><figure class=\"swiper-slide-inner\"><img class=\"swiper-slide-image\" src=\"https:\/\/blueflaguruguay.org\/wp-content\/uploads\/2021\/10\/IUCN-1.png\" alt=\"IUCN\" \/><\/figure><\/a><\/div><div class=\"swiper-slide\"><a data-elementor-open-lightbox=\"yes\" data-elementor-lightbox-slideshow=\"09c3e55\" data-elementor-lightbox-title=\"WCA_logo\" href=\"#\"><figure class=\"swiper-slide-inner\"><img class=\"swiper-slide-image\" src=\"https:\/\/blueflaguruguay.org\/wp-content\/uploads\/2021\/10\/WCA_logo-1.png\" alt=\"WCA_logo\" \/><\/figure><\/a><\/div>\t\t\t<\/div>\n\t\t\t\t\t\t\t\t\t\t\t\t\t\t\t\t<\/div>\n\t\t\t\t<\/div>\n\t\t\t\t<\/div>\n\t\t\t\t\t\t<\/div>\n\t\t\t\t\t<\/div>\n\t\t<\/div>\n\t\t\t\t\t\t\t\t<\/div>\n\t\t\t\t\t<\/div>\n\t\t<\/section>\n\t\t\t\t\t\t<\/div>\n\t\t\t\t\t\t<\/div>\n\t\t\t\t\t<\/div>\n\t\t","protected":false},"excerpt":{"rendered":"<p>Programa El programa Bandera Azul, es una etiqueta ecol\u00f3gica de renombre mundial en la que conf\u00edan millones de personas en todo el mundo, funciona bajo los auspicios de la Fundaci\u00f3n para la Educaci\u00f3n Ambiental (FEE) y tiene su sede en Copenhague (Dinamarca). Para poder optar a este prestigioso premio, se debe cumplir y mantener una &hellip;<\/p>\n<p class=\"read-more\"> <a class=\"\" href=\"https:\/\/blueflaguruguay.org\/index.php\/about-us\/\"> <span class=\"screen-reader-text\">Programa<\/span> Leer m\u00e1s &raquo;<\/a><\/p>\n","protected":false},"author":1,"featured_media":0,"parent":0,"menu_order":0,"comment_status":"closed","ping_status":"closed","template":"","meta":{"om_disable_all_campaigns":false,"_monsterinsights_skip_tracking":false,"_monsterinsights_sitenote_active":false,"_monsterinsights_sitenote_note":"","_monsterinsights_sitenote_category":0},"_links":{"self":[{"href":"https:\/\/blueflaguruguay.org\/index.php\/wp-json\/wp\/v2\/pages\/1697"}],"collection":[{"href":"https:\/\/blueflaguruguay.org\/index.php\/wp-json\/wp\/v2\/pages"}],"about":[{"href":"https:\/\/blueflaguruguay.org\/index.php\/wp-json\/wp\/v2\/types\/page"}],"author":[{"embeddable":true,"href":"https:\/\/blueflaguruguay.org\/index.php\/wp-json\/wp\/v2\/users\/1"}],"replies":[{"embeddable":true,"href":"https:\/\/blueflaguruguay.org\/index.php\/wp-json\/wp\/v2\/comments?post=1697"}],"version-history":[{"count":124,"href":"https:\/\/blueflaguruguay.org\/index.php\/wp-json\/wp\/v2\/pages\/1697\/revisions"}],"predecessor-version":[{"id":2917,"href":"https:\/\/blueflaguruguay.org\/index.php\/wp-json\/wp\/v2\/pages\/1697\/revisions\/2917"}],"wp:attachment":[{"href":"https:\/\/blueflaguruguay.org\/index.php\/wp-json\/wp\/v2\/media?parent=1697"}],"curies":[{"name":"wp","href":"https:\/\/api.w.org\/{rel}","templated":true}]}}